
	
{"id":20908,"date":"2021-11-15T22:01:46","date_gmt":"2021-11-15T20:01:46","guid":{"rendered":"https:\/\/smartbuildingexpo.it\/convenzioni\/"},"modified":"2025-08-27T15:23:24","modified_gmt":"2025-08-27T13:23:24","slug":"convenzioni","status":"publish","type":"page","link":"https:\/\/smartbuildingexpo.it\/en\/convenzioni\/","title":{"rendered":"Hospitality"},"content":{"rendered":"<div class=\"conainer\">\n<div class=\"col-md-12 text-center\">\n<h1 style=\"font-size: 40px; color: #007bc4;\">HOSPITALITY<\/h1>\n<\/div>\n<\/div>\n<hr \/>\n<div class=\"row\">\n<div class=\"col-md-6\">MiCodmc is the expert partner for the\u202fdestination Milan. Thanks to its rooted knowledge of the city, the best locations, the most trustworthy suppliers, MiCodmc has selected special offers for you during SMART BUILDING EXPO.<\/div>\n<div class=\"col-md-5\"><img decoding=\"async\" class=\"img-responsive\" style=\"margin-top: 60px;\" src=\"http:\/\/smartbuildingexpo.it\/wp-content\/uploads\/2021\/11\/logo_2.png\" alt=\"sbe\" height=\"100\" \/><\/div>\n<\/div>\n<hr class=\"invisible\" \/>\n<div class=\"row\">\n<div class=\"col-md-6\"><img decoding=\"async\" class=\"img-responsive\" src=\"http:\/\/smartbuildingexpo.it\/wp-content\/uploads\/2021\/11\/New-Project-2020-06-27T024436-2.png\" alt=\"sbe\" height=\"400\" \/><\/div>\n<div class=\"col-md-6\">\n<h2>Hotel<\/h2>\n<p>MiCodmc has selected a range of accommodation solutions at preferred rates in Milan and near Rho Fiera Milano. Click on the website below to insert your stay dates, select your favourite hotel and confirm your reservation.<\/p>\n<hr class=\"invisible\" \/>\n<p><a class=\"btn btn-danger\" style=\"font-size: 18px; background-color: #017bc4;\" href=\"https:\/\/hotels.micodmc.it\/sbe2025\/it\" target=\"_blank\" rel=\"noopener\"> BOOK NOW <\/a><\/p>\n<\/div>\n<\/div>\n<hr class=\"invisible\" \/>\n<div class=\"container\">\n<div class=\"row\">\n<div class=\"col-md-6\">\n<figure><img loading=\"lazy\" decoding=\"async\" class=\" img-responsive\" src=\"http:\/\/smartbuildingexpo.it\/wp-content\/uploads\/2021\/11\/New-Project-2020-06-27T024436-1.png\" alt=\"\" width=\"1290\" height=\"684\" \/><\/figure>\n<\/div>\n<div class=\"col-md-6\">\n<h2>Transfer service<\/h2>\n<p>MiCodmc offers you transfer services during your visit in Milan (both in the city centre and from\/to airports and train stations). Book below your route entering your preferred car, dates and timing of service.<\/p>\n<hr class=\"invisible\" \/>\n<p><a class=\"btn btn-danger\" style=\"font-size: 18px; background-color: #017bc4;\" href=\"https:\/\/www.first-travel.it\/micodmc\/\" target=\"_blank\" rel=\"noopener\"> BOOK NOW <\/a><\/p>\n<\/div>\n<\/div>\n<hr class=\"invisible\" \/>\n<div class=\"row\">\n<div class=\"col-md-6\"><img decoding=\"async\" class=\"img-responsive center-block\" src=\"http:\/\/smartbuildingexpo.it\/wp-content\/uploads\/2023\/01\/treno.10.jpg\" alt=\"\" \/><\/div>\n<div class=\"col-md-6\">\n<h2>Train booking<\/h2>\n<p>Do you need to get the train to come to Milan? MiCo dmc in cooperation with Trenitalia offers you the chance to book directly through the following link. Check the availability and book the ticket for your next Milan fair in a few clicks.<\/p>\n<hr class=\"invisible\" \/>\n<p><a class=\"btn btn-danger\" style=\"font-size: 18px; background-color: #017bc4;\" href=\"https:\/\/www.lefrecce.it\/Channels.Website.WEB\/#\/white-label\/MINISITI\/\" target=\"_blank\" rel=\"noopener\"> BOOK NOW <\/a><\/p>\n<\/div>\n<\/div>\n<hr class=\"invisible\" \/>\n<p><!--\n\n\n<div class=\"row\">\n\n\n<div class=\"col-md-6\">\n\n\n<h2>Servizio treno<\/h2>\n\n\nVuoi arrivare a Milano in treno? MiCo dmc, in collaborazione con Trenitalia, ti offre la possibilit\u00e0 di prenotare direttamente al link qui di seguito. Verifica la disponibilit\u00e0 e prenota il biglietto per partecipare alla tua prossima fiera a Milano in pochi passaggi.\n<a class=\"btn btn-danger\" style=\"font-size: 18px; background-color: #017bc4;\" href=\"https:\/\/www.lefrecce.it\/\" target=\"_blank\" rel=\"noopener\"> PRENOTA <\/a><\/div>\n\n\n<\/div>\n\n\n--><\/p>\n<\/div>\n<hr \/>\n<div class=\"container\">\n<div class=\"col-md-10\">\n<p>For group requests, personalised events and for any additional information please contact us at <a href=\"mailto:\" target=\"_blank\" rel=\"noopener\"> sicurezza@micodmc.it<\/a>: we will be glad to send you ad hoc proposals with required details.<\/p>\n<p><b>MiCodmc Srl<\/b><br \/>\nPiazzale Carlo Magno 1, 20149 Milano \u2013 Italia<br \/>\nEmail: sicurezza@micodmc.it &#8211; www.micodmc.it<\/p>\n<\/div>\n<\/div>\n<hr class=\"invisible\" \/>\n<hr class=\"invisible\" \/>\n<hr class=\"invisible\" \/>\n<p><!--\n\n\n<div class=\"container\">\n\n\n<div class=\"row\">\n\n\n<div class=\"col-md-6\">\n\n\n<h1 style=\"color: #007bc4;\">Ristorazione<\/h1>\n\n\n&nbsp;\n\nLa ristorazione di Fiera Milano si distingue per qualit\u00e0, variet\u00e0, efficienza e versatilit\u00e0 del servizio. 84 punti di ristoro, pi\u00f9 di 10.000 posti a sedere, oltre 900 servizi di banqueting in un anno: Fiera Milano dispone del servizio di ristorazione pi\u00f9 diversificato d\u2019Europa.\ntel. +39 02 4997 6365\n<a href=\"mailto:ristorazione@fieramilano.it\" target=\"_blank\" rel=\"noopener\"><b>ristorazione@fieramilano.it <\/b><\/a>\n<a href=\"https:\/\/catering.fieramilano.it\/\" target=\"_blank\" rel=\"noopener\"><b>catering.fieramilano.it<\/b><\/a><\/div>\n\n\n\n\n<div class=\"col-md-6\">\n                <img decoding=\"async\" class=\"img-responsive\" src=\"http:\/\/smartbuildingexpo.it\/wp-content\/uploads\/2021\/03\/ristorazione.jpg\" alt=\"\" \/><\/div>\n\n\n<\/div>\n\n\n<\/div>\n\n\n\n\n\n<hr>\n\n\n\n\n\n<div class=\"container\">\n\n\n<div class=\"row\">\n\n\n<div class=\"col-md-6\">\n\n\n<h1 style=\"color: #007bc4;\">Ospitalit\u00e0<\/h1>\n\n\n&nbsp;\n\nFiera Milano, attraverso la societ\u00e0 del Gruppo MiCodmc, assiste i clienti nell\u2019organizzazione del loro viaggio in fiera offrendo soluzioni innovative e personalizzate attraverso servizi di accomodation (oltre 40.000 stanze prenotate in un anno), ricerca di sedi (pi\u00f9 di 200 location disponibili), intrattenimento, tour ed escursioni personalizzate, accoglienza e assistenza on-site.\nTel. +39 02 4997 6275\n<a href=\"mailto:info@micodmc.it\" target=\"_blank\" rel=\"noopener\"><b>info@micodmc.it<\/b><\/a>\n<a href=\"https:\/\/www.micodmc.it\/\" target=\"_blank\" rel=\"noopener\"><b>micodmc.it<\/b><\/a><\/div>\n\n\n\n\n<div class=\"col-md-6\">\n                <img decoding=\"async\" class=\"img-responsive\" src=\"http:\/\/smartbuildingexpo.it\/wp-content\/uploads\/2021\/03\/hotel2.jpg\" alt=\"\" \/><\/div>\n\n\n<\/div>\n\n\n<\/div>\n\n\n<\/div>\n\n\n\n\n\n<hr class=\"invisible\">\n\n\n\n<div class=\"container\">\n\n\n<p class= \"lead\"> <b>Segreteria organizzativa SMART BUILDING EXPO - Pentastudio <a href=\"mailto:info@smartbuildingexpo.it\" target=\"_blank\" rel=\"noopener\"><b>info@smartbuildingexpo.it<\/b><\/a> - tel. +39 0444 543133<\/b><\/p>\n\n\n\n\n<p class= \"lead\"> <b>Per informazioni sui servizi di allestimento in fiera e per supporto alla comunicazione contattare <a href=\"http:\/\/www.pentastudio.it\/\">Pentastudio<\/a> - <a href=\"mailto:info@pentastudio.it\" target=\"_blank\" rel=\"noopener\"><b>info@pentastudio.it<\/a> - tel. +39 0444 543133<\/b><\/p>\n\n\n\n<\/div>\n\n\n\n\n\n<hr class=\"invisible\">\n\n\n\n<figure><img decoding=\"async\" class=\"img-responsive\" src=\"http:\/\/smartbuildingexpo.it\/wp-content\/uploads\/2021\/04\/gallery-2.jpg\" alt=\"\" \/>--><\/p>\n<p><!-- \/col --><\/p>\n<p><!-- \/row --><\/p>\n","protected":false},"excerpt":{"rendered":"<p>HOSPITALITY MiCodmc is the expert partner for the\u202fdestination Milan. Thanks to its rooted knowledge of the city, the best locations, the most trustworthy suppliers, MiCodmc has selected special offers for you during SMART BUILDING EXPO. Hotel MiCodmc has selected a range of accommodation solutions at preferred rates in Milan and near Rho Fiera Milano. Click [&hellip;]<\/p>\n","protected":false},"author":3,"featured_media":0,"parent":0,"menu_order":0,"comment_status":"closed","ping_status":"closed","template":"page-notitle.php","meta":{"footnotes":""},"class_list":["post-20908","page","type-page","status-publish","hentry"],"_links":{"self":[{"href":"https:\/\/smartbuildingexpo.it\/en\/wp-json\/wp\/v2\/pages\/20908","targetHints":{"allow":["GET"]}}],"collection":[{"href":"https:\/\/smartbuildingexpo.it\/en\/wp-json\/wp\/v2\/pages"}],"about":[{"href":"https:\/\/smartbuildingexpo.it\/en\/wp-json\/wp\/v2\/types\/page"}],"author":[{"embeddable":true,"href":"https:\/\/smartbuildingexpo.it\/en\/wp-json\/wp\/v2\/users\/3"}],"replies":[{"embeddable":true,"href":"https:\/\/smartbuildingexpo.it\/en\/wp-json\/wp\/v2\/comments?post=20908"}],"version-history":[{"count":4,"href":"https:\/\/smartbuildingexpo.it\/en\/wp-json\/wp\/v2\/pages\/20908\/revisions"}],"predecessor-version":[{"id":25291,"href":"https:\/\/smartbuildingexpo.it\/en\/wp-json\/wp\/v2\/pages\/20908\/revisions\/25291"}],"wp:attachment":[{"href":"https:\/\/smartbuildingexpo.it\/en\/wp-json\/wp\/v2\/media?parent=20908"}],"curies":[{"name":"wp","href":"https:\/\/api.w.org\/{rel}","templated":true}]}}