
	
{"id":16792,"date":"2022-07-11T11:47:32","date_gmt":"2022-07-11T09:47:32","guid":{"rendered":"http:\/\/smartbuildingexpo.it\/?page_id=16792\/"},"modified":"2024-07-18T17:29:08","modified_gmt":"2024-07-18T15:29:08","slug":"why-visit","status":"publish","type":"page","link":"https:\/\/smartbuildingexpo.it\/en\/why-visit\/","title":{"rendered":"Why visit"},"content":{"rendered":"<style>\n    .page-breadcrumb,<br \/>    h1.page-heading {<br \/>        display: none;<br \/>    }<br \/>.page {<br \/>margin: 0;<br \/>}<br \/><\/style>\n<div class=\"hidden-content\">\n<figure><img decoding=\"async\" class=\"img-responsive\" src=\"https:\/\/smartbuildingexpo.it\/wp-content\/uploads\/2022\/10\/sbe-fiera-2021.jpg\" alt=\"\" \/><\/figure>\n<\/div>\n<div class=\"fondogrigio\">\n<div class=\"container text-left\">\n<h2 style=\"color: #007bc4;\">VISITING THE SMART BUILDING FAIR 2025<\/h2>\n<\/div>\n<div class=\"container\">\n<p>SMART BUILDING EXPO is the only Italian trade fair dedicated to plant and technology integration in the<br \/>\nhome, building and city spheres. An event with a very high rate of innovation, built as an unmissable moment of comparison and insight for the building and networking community at a fundamental moment of technological transition, which sees in the digitalization of products and<br \/>\nprocesses, a green orientation and the need to ensure resilience in the environments of everyday life<br \/>\ndaily life and work, the cornerstones of development and recovery.<\/p>\n<p><!--Per ripartire, per il tuo business, per organizzare momenti di incontro, convegni e formazione. Un'edizione in sicurezza e all'insegna dell'innovazione. --><\/p>\n<\/div>\n<div class=\"container\">\n<div class=\"row\">\n<div class=\"col-md-6\">\n<h2 style=\"color: #007bc4;\">Synergies<\/h2>\n<p>SMART BUILDING EXPO, in 2025 will form an important part of a maxi-event that will see it in conjunction with such major trade fairs as SAFETY &#8211; MADE Expo &#8211; GLOBAL ELEVATOR EXHIBITION.<\/p>\n<p>&nbsp;<\/p>\n<h2 style=\"color: #007bc4;\">Why Visit SMART BUILDING EXPO<\/h2>\n<ul>\n<li>To get a comprehensive overview of the key developments in the smart building market<\/li>\n<li>To understand how to leverage technology to achieve energy efficiency goals<\/li>\n<li>For guaranteed professional development and training activities carried out with collaborations prestigious<\/li>\n<li>To get live data on smart building market trends, certified by the Polytechnic of Milan<\/li>\n<li>To participate in the work of the third Milano Smart City Conference realized in collaboration with the Politecnico di Milano<\/li>\n<li>To become part of the large professional community of Smart Building Italia<\/li>\n<\/ul>\n<\/div>\n<div class=\"col-md-6\"><img decoding=\"async\" class=\"img-responsive\" src=\"http:\/\/smartbuildingexpo.it\/wp-content\/uploads\/2021\/03\/foto3-visitatori.jpg\" \/><\/div>\n<\/div>\n<\/div>\n<\/div>\n<div style=\"background-color: #e0e0e0;\">\n<div class=\"row\">\n<div class=\"col-md-1 text-center\"><\/div>\n<div class=\"col-md-5 text-center\">\n<hr class=\"invisible\" \/>\n<p><a class=\"btn btn-danger\" style=\"font-size: 22px; background-color: #017bc4;\" href=\"https:\/\/smartbuildingexpo.it\/en-useful-info\/\" target=\"_blank\" rel=\"noopener\"> INFO <\/a><\/p>\n<\/div>\n<div class=\"col-md-5 text-center\">\n<hr class=\"invisible\" \/>\n<\/div>\n<\/div>\n<p><!--\n\n\n<div class=\"container\">\n\n\n<div class=\"row\">\n\n\n<div class=\"col-md-6\">\n\n\n<figure><img loading=\"lazy\" decoding=\"async\" class=\" img-responsive\" src=\"http:\/\/smartbuildingexpo.it\/wp-content\/uploads\/2021\/03\/fiera-mi.jpg\" alt=\"\" width=\"1290\" height=\"684\" \/><\/figure>\n\n\n<\/div>\n\n\n\n\n<div class=\"col-md-6\">\n\n\n<h3>La sicurezza di incontrarsi e fare business in libert\u00e0<\/h3>\n\n\nPer garantire a visitatori, espositori e organizzatori la partecipazione in totale sicurezza a fiere ed eventi che si svolgono all\u2019interno dei suoi poli fieristici e congressuali, il Gruppo Fiera Milano ha elaborato un Protocollo per il contenimento della diffusione del nuovo coronavirus che definisce le modalit\u00e0 per una riapertura in sicurezza, nel pieno rispetto delle regole e dei protocolli sanitari adottati a livello nazionale.\n<a href=\"https:\/\/www.fieramilano.it\/sicurinsieme\/\"> Scopri di pi\u00f9<\/a><\/div>\n\n\n<\/div>\n\n\n<\/div>\n\n\n\n\n<div class=\"container\">\n\n\n<div class=\"row\">\n\n\n<div class=\"col-md-6\">\n\n\n<h3>Biglietteria<\/h3>\n\n\nIl servizio di pre-registrazione e biglietteria online di SMART BUILDING EXPO 2021 saranno presto attivi.\nPer restare aggiornato sulle novit\u00e0, iscriviti qui alla newsletter.\n<a href=\"https:\/\/smartbuildingexpo.it\/newsletter\/\"> Iscriviti<\/a><\/div>\n\n\n\n\n<div class=\"col-md-6\">\n\n\n<figure><img decoding=\"async\" class=\" img-responsive\" src=\"http:\/\/smartbuildingexpo.it\/wp-content\/uploads\/2021\/03\/biglietteria.jpg\" alt=\"\" width=\"\" height=\"\" \/><\/figure>\n\n\n<\/div>\n\n\n<\/div>\n\n\n\n\n<div style=\"background-color: #e0e0e0;\">\n\n\n<div class=\"container center\">\n\n\n<div class=\"row\">\n\n\n<div class=\"col-md-12 text-center\">\n\n\n\n<hr class=\"invisible\">\n\n<a class=\"btn btn-danger\" style=\"font-size: 24px; background-color: #017bc4;\" href=\"https:\/\/smartbuildingexpo.it\/newsletter\/\" target=\"_blank\" rel=\"noopener\">SIGN UP FOR THE NEWSLETTER<\/a>\n\n\n\n<hr class=\"invisible\">\n\n\n\n\n\n<hr class=\"invisible\">\n\n<\/div>\n\n\n<\/div>\n\n\n<\/div>\n\n\n<\/div>\n\n\n<!--\n\n\n<div class=\"container fondogrigio\">\n\n\n<div class=\"row\">\n\n\n<div class=\"container text-left\">\n\n\n<h3>My Matching<\/h3>\n\n\n<\/div>\n\n\n\n\n<div class=\"col-md-6\">\n\n\n<div style=\"padding: 56.25% 0 0 0; position: relative;\"><iframe style=\"position: absolute; top: 0; left: 0; width: 100%; height: 100%;\" src=\"https:\/\/player.vimeo.com\/video\/213972085?title=0&amp;byline=0&amp;portrait=0\" frameborder=\"0\" allowfullscreen=\"allowfullscreen\"><\/iframe><\/div>\n\n\n<script src=\"https:\/\/player.vimeo.com\/api\/player.js\"><\/script><\/div>\n\n\n\n\n<div class=\"col-md-6\">\n\nPer favorire il business networking e supportare le aziende nella individuazione di nuovi mercati di sbocco e potenziali clienti, Smart Building Expo mette a disposizione dei suoi espositori MY MATCHING, il servizio di match-making online che gi\u00e0 prima della mostra mette in contatto SELLER (Espositori) e BUYER (Visitatori) qualificati e profilati con lo scopo di creare in anticipo contatti di business e fissare un\u2019agenda di appuntamenti di affari da svolgere in fiera.\n\nMY MATCHING \u00e8 un luogo di incontro interattivo e di business: l\u2019espositore potr\u00e0 valutare in anteprima i profili di nuovi clienti, analizzarne con tranquillit\u00e0 caratteristiche e potenzialit\u00e0 attraverso le schede online e verificare nuove opportunit\u00e0 per ampliare il proprio giro di affari, sia all\u2019estero che in Italia.<\/div>\n\n\n<\/div>\n\n\n\n\n<div class=\"row\">\n\n\n<div class=\"container text-left\">\n\n\n<h3>L\u2019esperienza di fiera diventa \u201cphygital\u201d<\/h3>\n\n\n<\/div>\n\n\n\n\n<div class=\"col-md-6\">\n\n\n<figure><img decoding=\"async\" src=\"http:\/\/smartbuildingexpo.it\/wp-content\/uploads\/2021\/03\/app-sbe.jpg\" width=\"\" height=\"\" class=\"img-responsive\" alt=\"\"><\/figure>\n\n\n<\/div>\n\n\n\n\n<div class=\"col-md-6\">\n\nSe esserci sar\u00e0 quasi d\u2019obbligo dopo tanto essersi visti solo attraverso il monitor di un computer, l\u2019emergenza ci ha insegnato che il digitale \u00e8 una risorsa preziosa, in grado di moltiplicare il successo e la ricaduta di una manifestazione.\n\nEcco perch\u00e9 <b>SMART BUILDING EXPO 2021 <\/b> integrer\u00e0 la dimensione fisica con quella digitale, proponendo una esperienza di fiera phygital. Saranno disponibili nuovi servizi e, per la prima volta, attraverso una piattaforma di <b>matching B2B innovativa<\/b>, si potr\u00e0 allargare il bacino dei visitatori, ma anche prolungare le opportunit\u00e0 di business delle aziende ben oltre i tre giorni della manifestazione.<\/div>\n\n\n<\/div>\n\n\n\n\n\n<hr class=\"invisible\" \/>\n\n<\/div>\n\n\n\n\n\n<hr class=\"invisible\" \/>\n\n\n\n\n\n<hr class=\"invisible\" \/>\n\n\n\n\n\n<hr class=\"invisible\" \/>\n\n<!--\n\n\n<div class=\"container text-center\">\n\n<b>Vuoi essere costantemente aggiornato sulle novit\u00e0 e gli sviluppi del settore? <\/b>\n\n\n<div class=\"text-center\"><a class=\"btn btn-primary \" href=\"https:\/\/smartbuildingexpo.it\/newsletter\/\">ISCRIVITI ALLA NOSTRA NEWSLETTER<\/a><\/div>\n\n\n<\/div>\n\n\n--><\/p>\n<\/div>\n","protected":false},"excerpt":{"rendered":"<p>VISITING THE SMART BUILDING FAIR 2025 SMART BUILDING EXPO is the only Italian trade fair dedicated to plant and technology integration in the home, building and city spheres. An event with a very high rate of innovation, built as an unmissable moment of comparison and insight for the building and networking community at a fundamental [&hellip;]<\/p>\n","protected":false},"author":9,"featured_media":0,"parent":0,"menu_order":0,"comment_status":"closed","ping_status":"closed","template":"page-notitle-wide.php","meta":{"footnotes":""},"class_list":["post-16792","page","type-page","status-publish","hentry"],"_links":{"self":[{"href":"https:\/\/smartbuildingexpo.it\/en\/wp-json\/wp\/v2\/pages\/16792","targetHints":{"allow":["GET"]}}],"collection":[{"href":"https:\/\/smartbuildingexpo.it\/en\/wp-json\/wp\/v2\/pages"}],"about":[{"href":"https:\/\/smartbuildingexpo.it\/en\/wp-json\/wp\/v2\/types\/page"}],"author":[{"embeddable":true,"href":"https:\/\/smartbuildingexpo.it\/en\/wp-json\/wp\/v2\/users\/9"}],"replies":[{"embeddable":true,"href":"https:\/\/smartbuildingexpo.it\/en\/wp-json\/wp\/v2\/comments?post=16792"}],"version-history":[{"count":7,"href":"https:\/\/smartbuildingexpo.it\/en\/wp-json\/wp\/v2\/pages\/16792\/revisions"}],"predecessor-version":[{"id":22751,"href":"https:\/\/smartbuildingexpo.it\/en\/wp-json\/wp\/v2\/pages\/16792\/revisions\/22751"}],"wp:attachment":[{"href":"https:\/\/smartbuildingexpo.it\/en\/wp-json\/wp\/v2\/media?parent=16792"}],"curies":[{"name":"wp","href":"https:\/\/api.w.org\/{rel}","templated":true}]}}