
	
{"id":15772,"date":"2021-11-10T19:24:29","date_gmt":"2021-11-10T17:24:29","guid":{"rendered":"http:\/\/smartbuildingexpo.it\/come-arrivare-2\/"},"modified":"2022-07-12T11:35:49","modified_gmt":"2022-07-12T09:35:49","slug":"come-arrivare-2-2","status":"publish","type":"page","link":"https:\/\/smartbuildingexpo.it\/en\/come-arrivare-2-2\/","title":{"rendered":"How to get there 2023"},"content":{"rendered":"<style>\n    .page-breadcrumb,  h1.page-heading {       display: none;   }\n  .page {        margin: 0;    }\n<\/style>\n<div class=\"fondogrigio\">\n<div class=\"container\">\n<div class=\"row\">\n<div class=\"col-md-6\">\n<h1 style=\"color: #007bc4;\">How to get there<\/h1>\n<p>&nbsp;<\/p>\n<p>SMART BUILDING EXPO is easily accessible from the city and from any Italian and international location thanks to the excellent network of land and air connections Milan enjoys. Choose how to reach the district and read the related information.<\/p>\n<p><!-- <b>INGRESSO OPERATORI<\/b>: <i>Porta Est - Porta Sud Tim<\/i>\n\n--><\/p>\n<\/div>\n<div class=\"col-md-6\"><img decoding=\"async\" class=\"img-responsive\" src=\"http:\/\/smartbuildingexpo.it\/wp-content\/uploads\/2021\/04\/trenook.jpg\" alt=\"\" \/><\/div>\n<\/div>\n<\/div>\n<p>&nbsp;<\/p>\n<div class=\"container\">\n<div class=\"row\">\n<div class=\"col-md-6\">\n<div id=\"accordion\" class=\"panel-group\">\n<div class=\"panel panel-default\">\n<div id=\"title1\" class=\"panel-heading\">\n<h2 class=\"panel-title\"><a class=\"\" href=\"#panel5\" data-toggle=\"collapse\" data-parent=\"#accordion\">\u25be\u00a0By car<\/a><\/h2>\n<\/div>\n<div id=\"panel5\" class=\"panel-collapse collapse\">\n<div class=\"panel-body\">A50 Tangenziale Ovest\/A4 Venice, A8 Varese, A9 Como (fieramilano, Pero-fieramilano exits). Over 10,000 parking spaces available to visitors.<br \/>\nWant real-time traffic and transportation information?<\/div>\n<div class=\"panel-body\"><a href=\"https:\/\/www.fieramilano.it\/visitatori.html\" target=\"_blank\" rel=\"noopener\"><b>www.fieramilano.it\/visitatori.html<\/b><\/a><\/div>\n<div class=\"panel-body\">Do you want to reserve a daily parking space in Fieramilano Rho and fieramilanocity-Milan parking lots?<br \/>\n<a href=\"https:\/\/fieremilano.apcoa.it\/it\/\" target=\"_blank\" rel=\"noopener\"><b>fieremilano.apcoa.it<\/b><\/a><\/p>\n<\/div>\n<\/div>\n<\/div>\n<div class=\"panel panel-default\">\n<div id=\"title1\" class=\"panel-heading\">\n<h2 class=\"panel-title\"><a class=\"\" href=\"#panel1\" data-toggle=\"collapse\" data-parent=\"#accordion\">\u25be\u00a0By subway<\/a><\/h2>\n<\/div>\n<div id=\"panel1\" class=\"panel-collapse collapse\">\n<div class=\"panel-body\">\n<p>M1 red line &#8211; Rho-Fieramilano stop.<\/p>\n<p><a href=\"http:\/\/www.atm.it\" target=\"_blank\" rel=\"noopener\"><b>www.atm.it<\/b><\/a><\/p>\n<\/div>\n<\/div>\n<\/div>\n<div class=\"panel panel-default\">\n<div id=\"title1\" class=\"panel-heading\">\n<h2 class=\"panel-title\"><a class=\"\" href=\"#panel2\" data-toggle=\"collapse\" data-parent=\"#accordion\">\u25be\u00a0By train<\/a><\/h2>\n<\/div>\n<div id=\"panel2\" class=\"panel-collapse collapse\">\n<div class=\"panel-body\">\n<p>High Speed\/Regional\/Fast Regional\/Trenoord S5\/S6\/S11 &#8211; Rho Fiera stop.<br \/>\nFor information:<\/p>\n<p><a href=\"https:\/\/www.trenord.it\/\" target=\"_blank\" rel=\"noopener\"><b>www.trenord.it<\/b><\/a><br \/>\n<a href=\"https:\/\/www.italotreno.it\/it\" target=\"_blank\" rel=\"noopener\"><b>www.italotreno.it<\/b><\/a><\/p>\n<\/div>\n<\/div>\n<\/div>\n<p><!--\n\n\n<div class=\"panel panel-default\">\n\n\n<div id=\"title1\" class=\"panel-heading\">\n\n\n<h2 class=\"panel-title\"><a class=\"\" href=\"#panel3\" data-toggle=\"collapse\" data-parent=\"#accordion\">\u25be\u00a0Aereo<\/a><\/h2>\n\n\n<\/div>\n\n\n\n\n<div id=\"panel3\" class=\"panel-collapse collapse\">\n\n\n<div class=\"panel-body\">\n\n                                Bus diretti da Linate, Malpensa, Orio al Serio durante i giorni di manifestazione. Servizio a pagamento. Per informazioni:\n<a href=\"https:\/\/www.milanairports.com\/it\/index.shtml\" target=\"_blank\" rel=\"noopener\"><b>Milan Airports<\/b><\/a>\n<a href=\"https:\/\/www.milanbergamoairport.it\/it\/\" target=\"_blank\" rel=\"noopener\"><b>Milan Bergamo Airport<\/b><\/a>\n\n<\/div>\n\n\n<\/div>\n\n\n<\/div>\n\n\n--><\/p>\n<div class=\"panel panel-default\">\n<div id=\"title1\" class=\"panel-heading\">\n<h2 class=\"panel-title\"><a class=\"\" href=\"#panel4\" data-toggle=\"collapse\" data-parent=\"#accordion\">\u25be By cab<\/a><\/h2>\n<\/div>\n<div id=\"panel4\" class=\"panel-collapse collapse\">\n<div class=\"panel-body\">\n<p>You can book a cab by calling one of the following phone numbers:<\/p>\n<ul>\n<li><b> 02.8585 02.6969<\/b><\/li>\n<li><b>02.4040<\/b><\/li>\n<li><b>02.4000 02.5353<\/b><\/li>\n<\/ul>\n<\/div>\n<\/div>\n<\/div>\n<\/div>\n<\/div>\n<div class=\"col-md-6\">\n<div class=\"map\"><iframe loading=\"lazy\" style=\"border: 0; max-width: 100%;\" src=\"https:\/\/www.google.com\/maps\/embed?pb=!1m18!1m12!1m3!1d44754.682697917764!2d9.106909700994308!3d45.48656824891753!2m3!1f0!2f0!3f0!3m2!1i1024!2i768!4f13.1!3m3!1m2!1s0x4786eadd7f316d8f%3A0x53b06f34dffa3b19!2sFiera+Milano!5e0!3m2!1sit!2sit!4v1484666487734&amp;iwloc=near\" width=\"555\" height=\"408\" frameborder=\"0\"><\/iframe><\/div>\n<p><!-- \/map --><\/p>\n<\/div>\n<\/div>\n<\/div>\n<p><!--\n\n\n<div class=\"container\">\n\n\n<div class=\"row\">\n\n\n<div class=\"col-md-6\">\n\n\n<h1 style=\"color: #007bc4;\">Ristorazione<\/h1>\n\n\n&nbsp;\n\nLa ristorazione di Fiera Milano si distingue per qualit\u00e0, variet\u00e0, efficienza e versatilit\u00e0 del servizio. 84 punti di ristoro, pi\u00f9 di 10.000 posti a sedere, oltre 900 servizi di banqueting in un anno: Fiera Milano dispone del servizio di ristorazione pi\u00f9 diversificato d\u2019Europa.\ntel. +39 02 4997 6365\n<a href=\"mailto:ristorazione@fieramilano.it \" target=\"_blank\" rel=\"noopener\"><b>ristorazione@fieramilano.it <\/b><\/a>\n<a href=\"https:\/\/catering.fieramilano.it\/\" target=\"_blank\" rel=\"noopener\"><b>catering.fieramilano.it<\/b><\/a>\n\n<\/div>\n\n\n\n\n<div class=\"col-md-6\">\n                <img decoding=\"async\" class=\"img-responsive\" src=\"http:\/\/smartbuildingexpo.it\/wp-content\/uploads\/2021\/03\/ristorazione.jpg\" alt=\"\" \/><\/div>\n\n\n<\/div>\n\n\n<\/div>\n\n\n\n\n\n<hr>\n\n\n\n\n\n<div class=\"container\">\n\n\n<div class=\"row\">\n\n\n<div class=\"col-md-6\">\n\n\n<h1 style=\"color: #007bc4;\">Ospitalit\u00e0<\/h1>\n\n\n&nbsp;\n\nFiera Milano, attraverso la societ\u00e0 del Gruppo MiCodmc, assiste i clienti nell\u2019organizzazione del loro viaggio in fiera offrendo soluzioni innovative e personalizzate attraverso servizi di accomodation (oltre 40.000 stanze prenotate in un anno), ricerca di sedi (pi\u00f9 di 200 location disponibili), intrattenimento, tour ed escursioni personalizzate, accoglienza e assistenza on-site.\nTel. +39 02 4997 6275\n<a href=\"mailto:info@micodmc.it\" target=\"_blank\" rel=\"noopener\"><b>info@micodmc.it<\/b><\/a>\n<a href=\"https:\/\/www.micodmc.it\/\" target=\"_blank\" rel=\"noopener\"><b>micodmc.it<\/b><\/a>\n\n<\/div>\n\n\n\n\n<div class=\"col-md-6\">\n                <img decoding=\"async\" class=\"img-responsive\" src=\"http:\/\/smartbuildingexpo.it\/wp-content\/uploads\/2021\/03\/hotel2.jpg\" alt=\"\" \/><\/div>\n\n\n<\/div>\n\n\n<\/div>\n\n\n<\/div>\n\n\n\n\n\n<hr class=\"invisible\">\n\n\n\n<div class=\"container\">\n\n\n<p class= \"lead\"> <b>Segreteria organizzativa SMART BUILDING EXPO - Pentastudio <a href=\"mailto:info@smartbuildingexpo.it\" target=\"_blank\" rel=\"noopener\"><b>info@smartbuildingexpo.it<\/b><\/a> - tel. +39 0444 543133<\/b><\/p>\n\n\n\n\n<p class= \"lead\"> <b>Per informazioni sui servizi di allestimento in fiera e per supporto alla comunicazione contattare <a href=\"http:\/\/www.pentastudio.it\/\">Pentastudio<\/a> - <a href=\"mailto:info@pentastudio.it\" target=\"_blank\" rel=\"noopener\"><b>info@pentastudio.it<\/a> - tel. +39 0444 543133<\/b><\/p>\n\n\n\n<\/div>\n\n\n\n\n\n<hr class=\"invisible\">\n\n\n\n<figure><img decoding=\"async\" class=\"img-responsive\" src=\"http:\/\/smartbuildingexpo.it\/wp-content\/uploads\/2021\/04\/gallery-2.jpg\" alt=\"\" \/>--><\/p>\n<p><!-- \/col --><\/p>\n<p><!-- \/row --><\/p>\n<\/div>\n","protected":false},"excerpt":{"rendered":"<p>How to get there &nbsp; SMART BUILDING EXPO is easily accessible from the city and from any Italian and international location thanks to the excellent network of land and air connections Milan enjoys. Choose how to reach the district and read the related information. &nbsp; \u25be\u00a0By car A50 Tangenziale Ovest\/A4 Venice, A8 Varese, A9 Como [&hellip;]<\/p>\n","protected":false},"author":3,"featured_media":0,"parent":0,"menu_order":0,"comment_status":"closed","ping_status":"closed","template":"page-wide.php","meta":{"footnotes":""},"class_list":["post-15772","page","type-page","status-publish","hentry"],"_links":{"self":[{"href":"https:\/\/smartbuildingexpo.it\/en\/wp-json\/wp\/v2\/pages\/15772","targetHints":{"allow":["GET"]}}],"collection":[{"href":"https:\/\/smartbuildingexpo.it\/en\/wp-json\/wp\/v2\/pages"}],"about":[{"href":"https:\/\/smartbuildingexpo.it\/en\/wp-json\/wp\/v2\/types\/page"}],"author":[{"embeddable":true,"href":"https:\/\/smartbuildingexpo.it\/en\/wp-json\/wp\/v2\/users\/3"}],"replies":[{"embeddable":true,"href":"https:\/\/smartbuildingexpo.it\/en\/wp-json\/wp\/v2\/comments?post=15772"}],"version-history":[{"count":11,"href":"https:\/\/smartbuildingexpo.it\/en\/wp-json\/wp\/v2\/pages\/15772\/revisions"}],"predecessor-version":[{"id":16827,"href":"https:\/\/smartbuildingexpo.it\/en\/wp-json\/wp\/v2\/pages\/15772\/revisions\/16827"}],"wp:attachment":[{"href":"https:\/\/smartbuildingexpo.it\/en\/wp-json\/wp\/v2\/media?parent=15772"}],"curies":[{"name":"wp","href":"https:\/\/api.w.org\/{rel}","templated":true}]}}